{"id":9,"date":"2025-07-14T13:26:03","date_gmt":"2025-07-14T13:26:03","guid":{"rendered":"https:\/\/m64.pl\/?page_id=9"},"modified":"2025-07-14T13:49:41","modified_gmt":"2025-07-14T13:49:41","slug":"strona-glowna","status":"publish","type":"page","link":"https:\/\/m64.pl\/","title":{"rendered":"Strona G\u0142\u00f3wna"},"content":{"rendered":"\t\t<div data-elementor-type=\"wp-page\" data-elementor-id=\"9\" class=\"elementor elementor-9\" data-elementor-post-type=\"page\">\n\t\t\t\t<div class=\"elementor-element elementor-element-df0deb5 e-flex e-con-boxed e-con e-parent\" data-id=\"df0deb5\" data-element_type=\"container\" data-e-type=\"container\" data-settings=\"{&quot;background_background&quot;:&quot;classic&quot;}\">\n\t\t\t\t\t<div class=\"e-con-inner\">\n\t\t<div class=\"elementor-element elementor-element-411b03d e-con-full e-flex e-con e-child\" data-id=\"411b03d\" data-element_type=\"container\" data-e-type=\"container\" data-settings=\"{&quot;background_background&quot;:&quot;classic&quot;}\">\n\t\t\t\t<\/div>\n\t\t<div class=\"elementor-element elementor-element-970f33d e-con-full e-flex e-con e-child\" data-id=\"970f33d\" data-element_type=\"container\" data-e-type=\"container\">\n\t\t\t\t<div class=\"elementor-element elementor-element-680d3b1 elementor-widget elementor-widget-heading\" data-id=\"680d3b1\" data-element_type=\"widget\" data-e-type=\"widget\" data-widget_type=\"heading.default\">\n\t\t\t\t\t<h2 class=\"elementor-heading-title elementor-size-default\">Miejsce dla Twojej firmy<\/h2>\t\t\t\t<\/div>\n\t\t\t\t<div class=\"elementor-element elementor-element-055f6ee elementor-widget elementor-widget-heading\" data-id=\"055f6ee\" data-element_type=\"widget\" data-e-type=\"widget\" data-widget_type=\"heading.default\">\n\t\t\t\t\t<h2 class=\"elementor-heading-title elementor-size-default\">w Zabrzu<\/h2>\t\t\t\t<\/div>\n\t\t\t\t<div class=\"elementor-element elementor-element-1b91fe5 elementor-widget elementor-widget-text-editor\" data-id=\"1b91fe5\" data-element_type=\"widget\" data-e-type=\"widget\" data-widget_type=\"text-editor.default\">\n\t\t\t\t\t\t\t\t\t<p><strong>Biurowiec M64.PL<\/strong><br \/>Adama Mickiewicza 64, 41-807 Zabrze<br \/>telefon: +48 794 341 400<\/p>\t\t\t\t\t\t\t\t<\/div>\n\t\t<div class=\"elementor-element elementor-element-7f69210 e-grid e-con-full e-con e-child\" data-id=\"7f69210\" data-element_type=\"container\" data-e-type=\"container\">\n\t\t\t\t<div class=\"elementor-element elementor-element-bd3794b elementor-widget elementor-widget-image\" data-id=\"bd3794b\" data-element_type=\"widget\" data-e-type=\"widget\" data-widget_type=\"image.default\">\n\t\t\t\t\t\t\t\t\t\t\t\t\t\t\t\t<a href=\"https:\/\/m64.pl\/wp-content\/uploads\/2025\/07\/Wejscie-glowne.jpeg\" data-elementor-open-lightbox=\"yes\" data-elementor-lightbox-title=\"Wej\u015bcie g\u0142\u00f3wne.\" data-e-action-hash=\"#elementor-action%3Aaction%3Dlightbox%26settings%3DeyJpZCI6MzIsInVybCI6Imh0dHBzOlwvXC9tNjQucGxcL3dwLWNvbnRlbnRcL3VwbG9hZHNcLzIwMjVcLzA3XC9XZWpzY2llLWdsb3duZS5qcGVnIn0%3D\">\n\t\t\t\t\t\t\t<img decoding=\"async\" width=\"150\" height=\"150\" src=\"https:\/\/m64.pl\/wp-content\/uploads\/2025\/07\/Wejscie-glowne-150x150.jpeg\" class=\"attachment-thumbnail size-thumbnail wp-image-32\" alt=\"\" \/>\t\t\t\t\t\t\t\t<\/a>\n\t\t\t\t\t\t\t\t\t\t\t\t\t\t\t<\/div>\n\t\t\t\t<div class=\"elementor-element elementor-element-bb8cbf3 elementor-widget elementor-widget-image\" data-id=\"bb8cbf3\" data-element_type=\"widget\" data-e-type=\"widget\" data-widget_type=\"image.default\">\n\t\t\t\t\t\t\t\t\t\t\t\t\t\t\t\t<a href=\"https:\/\/m64.pl\/wp-content\/uploads\/2025\/07\/Pokoj-I.webp\" data-elementor-open-lightbox=\"yes\" data-elementor-lightbox-title=\"Pok\u00f3j I\" data-e-action-hash=\"#elementor-action%3Aaction%3Dlightbox%26settings%3DeyJpZCI6MzAsInVybCI6Imh0dHBzOlwvXC9tNjQucGxcL3dwLWNvbnRlbnRcL3VwbG9hZHNcLzIwMjVcLzA3XC9Qb2tvai1JLndlYnAifQ%3D%3D\">\n\t\t\t\t\t\t\t<img decoding=\"async\" width=\"150\" height=\"150\" src=\"https:\/\/m64.pl\/wp-content\/uploads\/2025\/07\/Pokoj-I-150x150.webp\" class=\"attachment-thumbnail size-thumbnail wp-image-30\" alt=\"\" \/>\t\t\t\t\t\t\t\t<\/a>\n\t\t\t\t\t\t\t\t\t\t\t\t\t\t\t<\/div>\n\t\t\t\t<div class=\"elementor-element elementor-element-0001112 elementor-widget elementor-widget-image\" data-id=\"0001112\" data-element_type=\"widget\" data-e-type=\"widget\" data-widget_type=\"image.default\">\n\t\t\t\t\t\t\t\t\t\t\t\t\t\t\t\t<a href=\"https:\/\/m64.pl\/wp-content\/uploads\/2025\/07\/Wejscie-glowne-\u2014-kopia.jpeg\" data-elementor-open-lightbox=\"yes\" data-elementor-lightbox-title=\"Wej\u015bcie g\u0142\u00f3wne \u2014 kopia\" data-e-action-hash=\"#elementor-action%3Aaction%3Dlightbox%26settings%3DeyJpZCI6MTYsInVybCI6Imh0dHBzOlwvXC9tNjQucGxcL3dwLWNvbnRlbnRcL3VwbG9hZHNcLzIwMjVcLzA3XC9XZWpzY2llLWdsb3duZS1cdTIwMTQta29waWEuanBlZyJ9\">\n\t\t\t\t\t\t\t<img decoding=\"async\" width=\"150\" height=\"150\" src=\"https:\/\/m64.pl\/wp-content\/uploads\/2025\/07\/Wejscie-glowne-\u2014-kopia-150x150.jpeg\" class=\"attachment-thumbnail size-thumbnail wp-image-16\" alt=\"\" \/>\t\t\t\t\t\t\t\t<\/a>\n\t\t\t\t\t\t\t\t\t\t\t\t\t\t\t<\/div>\n\t\t\t\t<div class=\"elementor-element elementor-element-627e4af elementor-widget elementor-widget-image\" data-id=\"627e4af\" data-element_type=\"widget\" data-e-type=\"widget\" data-widget_type=\"image.default\">\n\t\t\t\t\t\t\t\t\t\t\t\t\t\t\t\t<a href=\"https:\/\/m64.pl\/wp-content\/uploads\/2025\/07\/Lazienka-I-p.jpeg\" data-elementor-open-lightbox=\"yes\" data-elementor-lightbox-title=\"\u0141azienka I p\" data-e-action-hash=\"#elementor-action%3Aaction%3Dlightbox%26settings%3DeyJpZCI6MzUsInVybCI6Imh0dHBzOlwvXC9tNjQucGxcL3dwLWNvbnRlbnRcL3VwbG9hZHNcLzIwMjVcLzA3XC9MYXppZW5rYS1JLXAuanBlZyJ9\">\n\t\t\t\t\t\t\t<img loading=\"lazy\" decoding=\"async\" width=\"150\" height=\"150\" src=\"https:\/\/m64.pl\/wp-content\/uploads\/2025\/07\/Lazienka-I-p-150x150.jpeg\" class=\"attachment-thumbnail size-thumbnail wp-image-35\" alt=\"\" \/>\t\t\t\t\t\t\t\t<\/a>\n\t\t\t\t\t\t\t\t\t\t\t\t\t\t\t<\/div>\n\t\t\t\t<div class=\"elementor-element elementor-element-87206a0 elementor-widget elementor-widget-image\" data-id=\"87206a0\" data-element_type=\"widget\" data-e-type=\"widget\" data-widget_type=\"image.default\">\n\t\t\t\t\t\t\t\t\t\t\t\t\t\t\t\t<a href=\"https:\/\/m64.pl\/wp-content\/uploads\/2025\/07\/Aneks-kuchenny-Ip.jpeg\" data-elementor-open-lightbox=\"yes\" data-elementor-lightbox-title=\"Aneks kuchenny Ip.\" data-e-action-hash=\"#elementor-action%3Aaction%3Dlightbox%26settings%3DeyJpZCI6MzMsInVybCI6Imh0dHBzOlwvXC9tNjQucGxcL3dwLWNvbnRlbnRcL3VwbG9hZHNcLzIwMjVcLzA3XC9BbmVrcy1rdWNoZW5ueS1JcC5qcGVnIn0%3D\">\n\t\t\t\t\t\t\t<img loading=\"lazy\" decoding=\"async\" width=\"150\" height=\"150\" src=\"https:\/\/m64.pl\/wp-content\/uploads\/2025\/07\/Aneks-kuchenny-Ip-150x150.jpeg\" class=\"attachment-thumbnail size-thumbnail wp-image-33\" alt=\"\" \/>\t\t\t\t\t\t\t\t<\/a>\n\t\t\t\t\t\t\t\t\t\t\t\t\t\t\t<\/div>\n\t\t\t\t<div class=\"elementor-element elementor-element-e69226f elementor-widget__width-initial elementor-widget elementor-widget-image\" data-id=\"e69226f\" data-element_type=\"widget\" data-e-type=\"widget\" data-widget_type=\"image.default\">\n\t\t\t\t\t\t\t\t\t\t\t\t\t\t\t\t<a href=\"https:\/\/m64.pl\/wp-content\/uploads\/2025\/07\/Aneks-kuchenny-Ip-1.jpeg\" data-elementor-open-lightbox=\"yes\" data-elementor-lightbox-title=\"Aneks kuchenny Ip\" data-e-action-hash=\"#elementor-action%3Aaction%3Dlightbox%26settings%3DeyJpZCI6MzQsInVybCI6Imh0dHBzOlwvXC9tNjQucGxcL3dwLWNvbnRlbnRcL3VwbG9hZHNcLzIwMjVcLzA3XC9BbmVrcy1rdWNoZW5ueS1JcC0xLmpwZWcifQ%3D%3D\">\n\t\t\t\t\t\t\t<img loading=\"lazy\" decoding=\"async\" width=\"150\" height=\"150\" src=\"https:\/\/m64.pl\/wp-content\/uploads\/2025\/07\/Aneks-kuchenny-Ip-1-150x150.jpeg\" class=\"attachment-thumbnail size-thumbnail wp-image-34\" alt=\"\" \/>\t\t\t\t\t\t\t\t<\/a>\n\t\t\t\t\t\t\t\t\t\t\t\t\t\t\t<\/div>\n\t\t\t\t<\/div>\n\t\t\t\t<\/div>\n\t\t\t\t\t<\/div>\n\t\t\t\t<\/div>\n\t\t\t\t<\/div>\n\t\t","protected":false},"excerpt":{"rendered":"<p>Miejsce dla Twojej firmy w Zabrzu Biurowiec M64.PLAdama Mickiewicza 64, 41-807 Zabrzetelefon: +48 794 341 400<\/p>\n","protected":false},"author":1,"featured_media":0,"parent":0,"menu_order":0,"comment_status":"closed","ping_status":"closed","template":"elementor_canvas","meta":{"footnotes":""},"class_list":["post-9","page","type-page","status-publish","hentry"],"_links":{"self":[{"href":"https:\/\/m64.pl\/index.php?rest_route=\/wp\/v2\/pages\/9","targetHints":{"allow":["GET"]}}],"collection":[{"href":"https:\/\/m64.pl\/index.php?rest_route=\/wp\/v2\/pages"}],"about":[{"href":"https:\/\/m64.pl\/index.php?rest_route=\/wp\/v2\/types\/page"}],"author":[{"embeddable":true,"href":"https:\/\/m64.pl\/index.php?rest_route=\/wp\/v2\/users\/1"}],"replies":[{"embeddable":true,"href":"https:\/\/m64.pl\/index.php?rest_route=%2Fwp%2Fv2%2Fcomments&post=9"}],"version-history":[{"count":31,"href":"https:\/\/m64.pl\/index.php?rest_route=\/wp\/v2\/pages\/9\/revisions"}],"predecessor-version":[{"id":50,"href":"https:\/\/m64.pl\/index.php?rest_route=\/wp\/v2\/pages\/9\/revisions\/50"}],"wp:attachment":[{"href":"https:\/\/m64.pl\/index.php?rest_route=%2Fwp%2Fv2%2Fmedia&parent=9"}],"curies":[{"name":"wp","href":"https:\/\/api.w.org\/{rel}","templated":true}]}}